{"id":10,"date":"2020-01-28T17:05:20","date_gmt":"2020-01-28T17:05:20","guid":{"rendered":"https:\/\/spacystudio.de\/?page_id=10"},"modified":"2022-02-04T21:41:16","modified_gmt":"2022-02-04T21:41:16","slug":"startseite","status":"publish","type":"page","link":"https:\/\/spacystudio.de\/","title":{"rendered":"Startseite"},"content":{"rendered":"<div id=\"pl-gb10-69e0c145b107f\"  class=\"panel-layout\" ><div id=\"pg-gb10-69e0c145b107f-0\"  class=\"panel-grid panel-has-style\" ><div style=\"padding: 100px 0; \" data-overlay=\"true\" class=\"panel-row-style panel-row-style-for-gb10-69e0c145b107f-0\" ><div id=\"pgc-gb10-69e0c145b107f-0-0\"  class=\"panel-grid-cell\" ><div id=\"panel-gb10-69e0c145b107f-0-0-0\" class=\"so-panel widget widget_siteorigin-panels-builder panel-first-child panel-last-child\" data-index=\"0\" ><div style=\"text-align: left;\" data-title-color=\"#443f3f\" data-headings-color=\"#443f3f\" class=\"panel-widget-style panel-widget-style-for-gb10-69e0c145b107f-0-0-0\" ><div id=\"pl-w61fd9d521467e\"  class=\"panel-layout\" ><div id=\"pg-w61fd9d521467e-0\"  class=\"panel-grid panel-has-style\" ><div style=\"padding: 100px 0; \" data-overlay=\"true\" data-overlay-color=\"#000000\" class=\"panel-row-style panel-row-style-for-w61fd9d521467e-0\" ><div id=\"pgc-w61fd9d521467e-0-0\"  class=\"panel-grid-cell\" ><div id=\"panel-w61fd9d521467e-0-0-0\" class=\"so-panel widget widget_text panel-first-child\" data-index=\"0\" ><div style=\"text-align: left;\" data-title-color=\"#443f3f\" data-headings-color=\"#443f3f\" class=\"panel-widget-style panel-widget-style-for-w61fd9d521467e-0-0-0\" ><h3 class=\"widget-title\">\u00dcber Uns<\/h3>\t\t\t<div class=\"textwidget\"><p>Unser Studio bietet so viel mehr als nur hin geklatschte Designs!<\/p>\n<p>Wir \u00fcben unsere Arbeit mit liebe und Geduld aus. Perfektion ist hier das Stichwort! Wir wollen gl\u00fcckliche Kunden die auch immer wieder gerne zu uns kommen.<br \/>\nUnser kleines Unternehmen will ganz gro\u00df werden, und zwar mit auch deiner Hilfe!<br \/>\nUnsere Grafikdesigns sind immer in h\u00f6chster Aufl\u00f6sung und Pracht.<br \/>\nDeine Ideen setzen wir gerne in die Realit\u00e4t um.<br \/>\nNoch keine gro\u00dfartigen Vorstellungen was dein neues Logo etc. haben soll?<br \/>\n&#8211; Kein Problem! Wir helfen dir gerne weiter.<\/p>\n<\/div>\n\t\t<\/div><\/div><div id=\"panel-w61fd9d521467e-0-0-1\" class=\"so-panel widget widget_text\" data-index=\"1\" ><div style=\"text-align: left;\" data-title-color=\"#443f3f\" data-headings-color=\"#443f3f\" class=\"panel-widget-style panel-widget-style-for-w61fd9d521467e-0-0-1\" ><h3 class=\"widget-title\">Das sind wir:<\/h3>\t\t\t<div class=\"textwidget\"><ul>\n<li>Faire Preise<\/li>\n<li>Kreativit\u00e4t ohne Ende<\/li>\n<li>Kompetenz<\/li>\n<li>Freundlich und Kritikf\u00e4hig<\/li>\n<li>H\u00f6chst m\u00f6gliche Aufl\u00f6sung deines Designs<\/li>\n<li>Kein Wasserzeichen bei dem Endresultat!<\/li>\n<\/ul>\n<\/div>\n\t\t<\/div><\/div><div id=\"panel-w61fd9d521467e-0-0-2\" class=\"so-panel widget widget_text panel-last-child\" data-index=\"2\" ><div style=\"text-align: left;\" data-title-color=\"#443f3f\" data-headings-color=\"#443f3f\" class=\"panel-widget-style panel-widget-style-for-w61fd9d521467e-0-0-2\" ><h3 class=\"widget-title\">Das ist unser Gebiet<\/h3>\t\t\t<div class=\"textwidget\"><ul>\n<li>Banner<\/li>\n<li>Profilbilder<\/li>\n<li>Templates<\/li>\n<li>Overlays<\/li>\n<li>Wasserzeichen<\/li>\n<li>Logos<\/li>\n<li>Flyer<\/li>\n<li>Icons<\/li>\n<li>Andere Werbezwecke + vieles mehr!<\/li>\n<\/ul>\n<\/div>\n\t\t<\/div><\/div><\/div><\/div><\/div><div id=\"pg-w61fd9d521467e-1\"  class=\"panel-grid panel-has-style\" ><div style=\"padding: 100px 0; \" data-overlay=\"true\" data-overlay-color=\"#000000\" class=\"panel-row-style panel-row-style-for-w61fd9d521467e-1\" ><div id=\"pgc-w61fd9d521467e-1-0\"  class=\"panel-grid-cell\" ><div id=\"panel-w61fd9d521467e-1-0-0\" class=\"so-panel widget widget_text panel-first-child panel-last-child\" data-index=\"3\" ><div style=\"text-align: left;\" data-title-color=\"#443f3f\" data-headings-color=\"#443f3f\" class=\"panel-widget-style panel-widget-style-for-w61fd9d521467e-1-0-0\" ><h3 class=\"widget-title\">Kompetenzen<\/h3>\t\t\t<div class=\"textwidget\"><\/div>\n\t\t<\/div><\/div><\/div><\/div><\/div><div id=\"pg-w61fd9d521467e-2\"  class=\"panel-grid panel-has-style\" ><div style=\"padding: 100px 0; \" data-overlay=\"true\" data-overlay-color=\"#000000\" class=\"panel-row-style panel-row-style-for-w61fd9d521467e-2\" ><div id=\"pgc-w61fd9d521467e-2-0\"  class=\"panel-grid-cell\" ><div id=\"panel-w61fd9d521467e-2-0-0\" class=\"so-panel widget widget_media_image panel-first-child panel-last-child\" data-index=\"4\" ><div style=\"text-align: left;\" data-title-color=\"#443f3f\" data-headings-color=\"#443f3f\" class=\"panel-widget-style panel-widget-style-for-w61fd9d521467e-2-0-0\" ><img loading=\"lazy\" decoding=\"async\" width=\"300\" height=\"300\" src=\"https:\/\/spacystudio.de\/wp-content\/uploads\/2020\/01\/m-finished-1-300x300.jpg\" class=\"image wp-image-33  attachment-medium size-medium\" alt=\"\" style=\"max-width: 100%; height: auto;\" srcset=\"https:\/\/spacystudio.de\/wp-content\/uploads\/2020\/01\/m-finished-1-300x300.jpg 300w, https:\/\/spacystudio.de\/wp-content\/uploads\/2020\/01\/m-finished-1-420x420.jpg 420w, https:\/\/spacystudio.de\/wp-content\/uploads\/2020\/01\/m-finished-1-100x100.jpg 100w, https:\/\/spacystudio.de\/wp-content\/uploads\/2020\/01\/m-finished-1-600x600.jpg 600w, https:\/\/spacystudio.de\/wp-content\/uploads\/2020\/01\/m-finished-1-150x150.jpg 150w, https:\/\/spacystudio.de\/wp-content\/uploads\/2020\/01\/m-finished-1-230x230.jpg 230w, https:\/\/spacystudio.de\/wp-content\/uploads\/2020\/01\/m-finished-1-350x350.jpg 350w, https:\/\/spacystudio.de\/wp-content\/uploads\/2020\/01\/m-finished-1-480x480.jpg 480w, https:\/\/spacystudio.de\/wp-content\/uploads\/2020\/01\/m-finished-1.jpg 700w\" sizes=\"auto, (max-width: 300px) 100vw, 300px\" \/><\/div><\/div><\/div><div id=\"pgc-w61fd9d521467e-2-1\"  class=\"panel-grid-cell\" ><div id=\"panel-w61fd9d521467e-2-1-0\" class=\"so-panel widget widget_media_image panel-first-child panel-last-child\" data-index=\"5\" ><div style=\"text-align: left;\" data-title-color=\"#443f3f\" data-headings-color=\"#443f3f\" class=\"panel-widget-style panel-widget-style-for-w61fd9d521467e-2-1-0\" ><img loading=\"lazy\" decoding=\"async\" width=\"300\" height=\"150\" src=\"https:\/\/spacystudio.de\/wp-content\/uploads\/2022\/02\/Backround-300x150.png\" class=\"image wp-image-57  attachment-medium size-medium\" alt=\"\" style=\"max-width: 100%; height: auto;\" srcset=\"https:\/\/spacystudio.de\/wp-content\/uploads\/2022\/02\/Backround-300x150.png 300w, https:\/\/spacystudio.de\/wp-content\/uploads\/2022\/02\/Backround-800x400.png 800w, https:\/\/spacystudio.de\/wp-content\/uploads\/2022\/02\/Backround-768x384.png 768w, https:\/\/spacystudio.de\/wp-content\/uploads\/2022\/02\/Backround-920x460.png 920w, https:\/\/spacystudio.de\/wp-content\/uploads\/2022\/02\/Backround-230x115.png 230w, https:\/\/spacystudio.de\/wp-content\/uploads\/2022\/02\/Backround-350x175.png 350w, https:\/\/spacystudio.de\/wp-content\/uploads\/2022\/02\/Backround-480x240.png 480w, https:\/\/spacystudio.de\/wp-content\/uploads\/2022\/02\/Backround-600x300.png 600w, https:\/\/spacystudio.de\/wp-content\/uploads\/2022\/02\/Backround.png 1000w\" sizes=\"auto, (max-width: 300px) 100vw, 300px\" \/><\/div><\/div><\/div><div id=\"pgc-w61fd9d521467e-2-2\"  class=\"panel-grid-cell\" ><div id=\"panel-w61fd9d521467e-2-2-0\" class=\"so-panel widget widget_media_image panel-first-child panel-last-child\" data-index=\"6\" ><div style=\"text-align: left;\" data-title-color=\"#443f3f\" data-headings-color=\"#443f3f\" class=\"panel-widget-style panel-widget-style-for-w61fd9d521467e-2-2-0\" ><img loading=\"lazy\" decoding=\"async\" width=\"300\" height=\"300\" src=\"https:\/\/spacystudio.de\/wp-content\/uploads\/2020\/01\/m-finished-300x300.jpg\" class=\"image wp-image-30  attachment-medium size-medium\" alt=\"\" style=\"max-width: 100%; height: auto;\" srcset=\"https:\/\/spacystudio.de\/wp-content\/uploads\/2020\/01\/m-finished-300x300.jpg 300w, https:\/\/spacystudio.de\/wp-content\/uploads\/2020\/01\/m-finished-420x420.jpg 420w, https:\/\/spacystudio.de\/wp-content\/uploads\/2020\/01\/m-finished-100x100.jpg 100w, https:\/\/spacystudio.de\/wp-content\/uploads\/2020\/01\/m-finished-600x600.jpg 600w, https:\/\/spacystudio.de\/wp-content\/uploads\/2020\/01\/m-finished-150x150.jpg 150w, https:\/\/spacystudio.de\/wp-content\/uploads\/2020\/01\/m-finished-230x230.jpg 230w, https:\/\/spacystudio.de\/wp-content\/uploads\/2020\/01\/m-finished-350x350.jpg 350w, https:\/\/spacystudio.de\/wp-content\/uploads\/2020\/01\/m-finished-480x480.jpg 480w, https:\/\/spacystudio.de\/wp-content\/uploads\/2020\/01\/m-finished.jpg 700w\" sizes=\"auto, (max-width: 300px) 100vw, 300px\" \/><\/div><\/div><\/div><div id=\"pgc-w61fd9d521467e-2-3\"  class=\"panel-grid-cell\" ><div id=\"panel-w61fd9d521467e-2-3-0\" class=\"so-panel widget widget_media_image panel-first-child panel-last-child\" data-index=\"7\" ><div style=\"text-align: left;\" data-title-color=\"#443f3f\" data-headings-color=\"#443f3f\" class=\"panel-widget-style panel-widget-style-for-w61fd9d521467e-2-3-0\" ><img loading=\"lazy\" decoding=\"async\" width=\"300\" height=\"300\" src=\"https:\/\/spacystudio.de\/wp-content\/uploads\/2022\/02\/Hotwings.-300x300.png\" class=\"image wp-image-58  attachment-medium size-medium\" alt=\"\" style=\"max-width: 100%; height: auto;\" srcset=\"https:\/\/spacystudio.de\/wp-content\/uploads\/2022\/02\/Hotwings.-300x300.png 300w, https:\/\/spacystudio.de\/wp-content\/uploads\/2022\/02\/Hotwings.-420x420.png 420w, https:\/\/spacystudio.de\/wp-content\/uploads\/2022\/02\/Hotwings.-100x100.png 100w, https:\/\/spacystudio.de\/wp-content\/uploads\/2022\/02\/Hotwings.-150x150.png 150w, https:\/\/spacystudio.de\/wp-content\/uploads\/2022\/02\/Hotwings.-230x230.png 230w, https:\/\/spacystudio.de\/wp-content\/uploads\/2022\/02\/Hotwings.-350x350.png 350w, https:\/\/spacystudio.de\/wp-content\/uploads\/2022\/02\/Hotwings.-480x480.png 480w, https:\/\/spacystudio.de\/wp-content\/uploads\/2022\/02\/Hotwings.-600x600.png 600w, https:\/\/spacystudio.de\/wp-content\/uploads\/2022\/02\/Hotwings..png 700w\" sizes=\"auto, (max-width: 300px) 100vw, 300px\" \/><\/div><\/div><\/div><\/div><\/div><\/div><\/div><\/div><\/div><\/div><\/div><\/div>\n\n\n<p><\/p>\n","protected":false},"excerpt":{"rendered":"","protected":false},"author":1,"featured_media":0,"parent":0,"menu_order":0,"comment_status":"closed","ping_status":"closed","template":"page-templates\/page_front-page.php","meta":{"footnotes":""},"class_list":["post-10","page","type-page","status-publish","hentry"],"_links":{"self":[{"href":"https:\/\/spacystudio.de\/index.php?rest_route=\/wp\/v2\/pages\/10","targetHints":{"allow":["GET"]}}],"collection":[{"href":"https:\/\/spacystudio.de\/index.php?rest_route=\/wp\/v2\/pages"}],"about":[{"href":"https:\/\/spacystudio.de\/index.php?rest_route=\/wp\/v2\/types\/page"}],"author":[{"embeddable":true,"href":"https:\/\/spacystudio.de\/index.php?rest_route=\/wp\/v2\/users\/1"}],"replies":[{"embeddable":true,"href":"https:\/\/spacystudio.de\/index.php?rest_route=%2Fwp%2Fv2%2Fcomments&post=10"}],"version-history":[{"count":9,"href":"https:\/\/spacystudio.de\/index.php?rest_route=\/wp\/v2\/pages\/10\/revisions"}],"predecessor-version":[{"id":59,"href":"https:\/\/spacystudio.de\/index.php?rest_route=\/wp\/v2\/pages\/10\/revisions\/59"}],"wp:attachment":[{"href":"https:\/\/spacystudio.de\/index.php?rest_route=%2Fwp%2Fv2%2Fmedia&parent=10"}],"curies":[{"name":"wp","href":"https:\/\/api.w.org\/{rel}","templated":true}]}}